{"id":1057,"date":"2025-04-16T13:42:01","date_gmt":"2025-04-16T13:42:01","guid":{"rendered":"https:\/\/griante.visitlakecomo.info\/shops-und-services\/minimaerkte"},"modified":"2025-06-17T08:59:58","modified_gmt":"2025-06-17T08:59:58","slug":"minimaerkte","status":"publish","type":"page","link":"https:\/\/griante.visitlakecomo.info\/de\/shops-und-services\/minimaerkte","title":{"rendered":"Minim\u00e4rkte"},"content":{"rendered":"<p>Lebensmittel, Obst, Gem\u00fcse und typische Produkte: <b>Die Minim\u00e4rkte in Griante<\/b>, wo Sie einkaufen und regionale Spezialit\u00e4ten kaufen k\u00f6nnen.<\/p>","protected":false},"excerpt":{"rendered":"<p>Lebensmittel, Obst, Gem\u00fcse und typische Produkte: Die Minim\u00e4rkte in Griante, wo Sie einkaufen und regionale Spezialit\u00e4ten kaufen k\u00f6nnen.<\/p>\n","protected":false},"author":1,"featured_media":0,"parent":1055,"menu_order":0,"comment_status":"closed","ping_status":"closed","template":"page-templates\/categoria_imprese.php","meta":{"_acf_changed":false,"inline_featured_image":false,"footnotes":""},"class_list":["post-1057","page","type-page","status-publish","hentry"],"acf":[],"yoast_head":"<!-- This site is optimized with the Yoast SEO plugin v25.2 - https:\/\/yoast.com\/wordpress\/plugins\/seo\/ -->\n<title>Minim\u00e4rkte in Griante - Entdecke Griante<\/title>\n<meta name=\"description\" content=\"Lebensmittel, Obst, Gem\u00fcse und typische Produkte: die Minim\u00e4rkte in Griante.\" \/>\n<meta name=\"robots\" content=\"index, follow, max-snippet:-1, max-image-preview:large, max-video-preview:-1\" \/>\n<link rel=\"canonical\" href=\"https:\/\/griante.visitlakecomo.info\/de\/shops-und-services\/minimaerkte\" \/>\n<meta property=\"og:locale\" content=\"de_DE\" \/>\n<meta property=\"og:type\" content=\"article\" \/>\n<meta property=\"og:title\" content=\"Minim\u00e4rkte in Griante - Entdecke Griante\" \/>\n<meta property=\"og:description\" content=\"Lebensmittel, Obst, Gem\u00fcse und typische Produkte: die Minim\u00e4rkte in Griante.\" \/>\n<meta property=\"og:url\" content=\"https:\/\/griante.visitlakecomo.info\/de\/shops-und-services\/minimaerkte\" \/>\n<meta property=\"og:site_name\" content=\"Visit Griante\" \/>\n<meta property=\"article:modified_time\" content=\"2025-06-17T08:59:58+00:00\" \/>\n<meta name=\"twitter:card\" content=\"summary_large_image\" \/>\n<script type=\"application\/ld+json\" class=\"yoast-schema-graph\">{\"@context\":\"https:\/\/schema.org\",\"@graph\":[{\"@type\":\"WebPage\",\"@id\":\"https:\/\/griante.visitlakecomo.info\/de\/shops-und-services\/minimaerkte\",\"url\":\"https:\/\/griante.visitlakecomo.info\/de\/shops-und-services\/minimaerkte\",\"name\":\"Minim\u00e4rkte in Griante - Entdecke Griante\",\"isPartOf\":{\"@id\":\"https:\/\/griante.visitlakecomo.info\/#website\"},\"datePublished\":\"2025-04-16T13:42:01+00:00\",\"dateModified\":\"2025-06-17T08:59:58+00:00\",\"description\":\"Lebensmittel, Obst, Gem\u00fcse und typische Produkte: die Minim\u00e4rkte in Griante.\",\"breadcrumb\":{\"@id\":\"https:\/\/griante.visitlakecomo.info\/de\/shops-und-services\/minimaerkte#breadcrumb\"},\"inLanguage\":\"de\",\"potentialAction\":[{\"@type\":\"ReadAction\",\"target\":[\"https:\/\/griante.visitlakecomo.info\/de\/shops-und-services\/minimaerkte\"]}]},{\"@type\":\"BreadcrumbList\",\"@id\":\"https:\/\/griante.visitlakecomo.info\/de\/shops-und-services\/minimaerkte#breadcrumb\",\"itemListElement\":[{\"@type\":\"ListItem\",\"position\":1,\"name\":\"Home\",\"item\":\"https:\/\/griante.visitlakecomo.info\/de\"},{\"@type\":\"ListItem\",\"position\":2,\"name\":\"Shops und Services\",\"item\":\"https:\/\/griante.visitlakecomo.info\/de\/shops-und-services\"},{\"@type\":\"ListItem\",\"position\":3,\"name\":\"Minim\u00e4rkte\"}]},{\"@type\":\"WebSite\",\"@id\":\"https:\/\/griante.visitlakecomo.info\/#website\",\"url\":\"https:\/\/griante.visitlakecomo.info\/\",\"name\":\"Visit Griante\",\"description\":\"\",\"potentialAction\":[{\"@type\":\"SearchAction\",\"target\":{\"@type\":\"EntryPoint\",\"urlTemplate\":\"https:\/\/griante.visitlakecomo.info\/?s={search_term_string}\"},\"query-input\":{\"@type\":\"PropertyValueSpecification\",\"valueRequired\":true,\"valueName\":\"search_term_string\"}}],\"inLanguage\":\"de\"}]}<\/script>\n<!-- \/ Yoast SEO plugin. -->","yoast_head_json":{"title":"Minim\u00e4rkte in Griante - Entdecke Griante","description":"Lebensmittel, Obst, Gem\u00fcse und typische Produkte: die Minim\u00e4rkte in Griante.","robots":{"index":"index","follow":"follow","max-snippet":"max-snippet:-1","max-image-preview":"max-image-preview:large","max-video-preview":"max-video-preview:-1"},"canonical":"https:\/\/griante.visitlakecomo.info\/de\/shops-und-services\/minimaerkte","og_locale":"de_DE","og_type":"article","og_title":"Minim\u00e4rkte in Griante - Entdecke Griante","og_description":"Lebensmittel, Obst, Gem\u00fcse und typische Produkte: die Minim\u00e4rkte in Griante.","og_url":"https:\/\/griante.visitlakecomo.info\/de\/shops-und-services\/minimaerkte","og_site_name":"Visit Griante","article_modified_time":"2025-06-17T08:59:58+00:00","twitter_card":"summary_large_image","schema":{"@context":"https:\/\/schema.org","@graph":[{"@type":"WebPage","@id":"https:\/\/griante.visitlakecomo.info\/de\/shops-und-services\/minimaerkte","url":"https:\/\/griante.visitlakecomo.info\/de\/shops-und-services\/minimaerkte","name":"Minim\u00e4rkte in Griante - Entdecke Griante","isPartOf":{"@id":"https:\/\/griante.visitlakecomo.info\/#website"},"datePublished":"2025-04-16T13:42:01+00:00","dateModified":"2025-06-17T08:59:58+00:00","description":"Lebensmittel, Obst, Gem\u00fcse und typische Produkte: die Minim\u00e4rkte in Griante.","breadcrumb":{"@id":"https:\/\/griante.visitlakecomo.info\/de\/shops-und-services\/minimaerkte#breadcrumb"},"inLanguage":"de","potentialAction":[{"@type":"ReadAction","target":["https:\/\/griante.visitlakecomo.info\/de\/shops-und-services\/minimaerkte"]}]},{"@type":"BreadcrumbList","@id":"https:\/\/griante.visitlakecomo.info\/de\/shops-und-services\/minimaerkte#breadcrumb","itemListElement":[{"@type":"ListItem","position":1,"name":"Home","item":"https:\/\/griante.visitlakecomo.info\/de"},{"@type":"ListItem","position":2,"name":"Shops und Services","item":"https:\/\/griante.visitlakecomo.info\/de\/shops-und-services"},{"@type":"ListItem","position":3,"name":"Minim\u00e4rkte"}]},{"@type":"WebSite","@id":"https:\/\/griante.visitlakecomo.info\/#website","url":"https:\/\/griante.visitlakecomo.info\/","name":"Visit Griante","description":"","potentialAction":[{"@type":"SearchAction","target":{"@type":"EntryPoint","urlTemplate":"https:\/\/griante.visitlakecomo.info\/?s={search_term_string}"},"query-input":{"@type":"PropertyValueSpecification","valueRequired":true,"valueName":"search_term_string"}}],"inLanguage":"de"}]}},"_links":{"self":[{"href":"https:\/\/griante.visitlakecomo.info\/de\/wp-json\/wp\/v2\/pages\/1057","targetHints":{"allow":["GET"]}}],"collection":[{"href":"https:\/\/griante.visitlakecomo.info\/de\/wp-json\/wp\/v2\/pages"}],"about":[{"href":"https:\/\/griante.visitlakecomo.info\/de\/wp-json\/wp\/v2\/types\/page"}],"author":[{"embeddable":true,"href":"https:\/\/griante.visitlakecomo.info\/de\/wp-json\/wp\/v2\/users\/1"}],"replies":[{"embeddable":true,"href":"https:\/\/griante.visitlakecomo.info\/de\/wp-json\/wp\/v2\/comments?post=1057"}],"version-history":[{"count":1,"href":"https:\/\/griante.visitlakecomo.info\/de\/wp-json\/wp\/v2\/pages\/1057\/revisions"}],"predecessor-version":[{"id":1058,"href":"https:\/\/griante.visitlakecomo.info\/de\/wp-json\/wp\/v2\/pages\/1057\/revisions\/1058"}],"up":[{"embeddable":true,"href":"https:\/\/griante.visitlakecomo.info\/de\/wp-json\/wp\/v2\/pages\/1055"}],"wp:attachment":[{"href":"https:\/\/griante.visitlakecomo.info\/de\/wp-json\/wp\/v2\/media?parent=1057"}],"curies":[{"name":"wp","href":"https:\/\/api.w.org\/{rel}","templated":true}]}}