{"id":1065,"date":"2025-05-19T14:22:58","date_gmt":"2025-05-19T14:22:58","guid":{"rendered":"https:\/\/griante.visitlakecomo.info\/region\/kirche-san-martino"},"modified":"2025-06-17T08:59:59","modified_gmt":"2025-06-17T08:59:59","slug":"kirche-san-martino","status":"publish","type":"page","link":"https:\/\/griante.visitlakecomo.info\/de\/region\/kirche-san-martino","title":{"rendered":"Kirche San Martino"},"content":{"rendered":"<p>Auf 475 Metern H\u00f6he liegt die Kirche San Martino in <b>traumhafter Lage auf einer herrlichen Aussichtsterrasse<\/b> mit atemberaubendem Blick auf den Comer See.<\/p><p>Ein idyllischer <b>Spaziergang durch W\u00e4lder und Wiesen<\/b> f\u00fchrt zu dieser kleinen Votivkirche, die dem heiligen Martin gewidmet ist, bekannt daf\u00fcr, seinen Mantel mit einem Armen geteilt zu haben.<\/p><p>Auch bekannt als Heiligtum der Madonna delle Grazie, ist sie <b>auf Anfrage an Wochenenden von Mai bis Oktober sowie am 1. Mai und am 11. November<\/b> (Festtag des heiligen Martin) zur Messe <b>ge\u00f6ffnet.<\/b><\/p>","protected":false},"excerpt":{"rendered":"<p>Auf 475 Metern H\u00f6he liegt die Kirche San Martino in traumhafter Lage auf einer herrlichen Aussichtsterrasse mit atemberaubendem Blick auf den Comer See. Ein idyllischer Spaziergang durch W\u00e4lder und Wiesen f\u00fchrt zu dieser kleinen Votivkirche, die dem heiligen Martin gewidmet ist, bekannt daf\u00fcr, seinen Mantel mit einem Armen geteilt zu haben. Auch bekannt als Heiligtum &hellip;<\/p>\n","protected":false},"author":1,"featured_media":0,"parent":1047,"menu_order":0,"comment_status":"closed","ping_status":"closed","template":"page-templates\/pagina_box.php","meta":{"_acf_changed":false,"inline_featured_image":false,"footnotes":""},"class_list":["post-1065","page","type-page","status-publish","hentry"],"acf":[],"yoast_head":"<!-- This site is optimized with the Yoast SEO plugin v25.2 - https:\/\/yoast.com\/wordpress\/plugins\/seo\/ -->\n<title>Kirche San Martino in Griante: herrliche Aussicht auf den Comer See<\/title>\n<meta name=\"description\" content=\"Entdecke die Kirche San Martino in Griante: Heiligtum mit Panorama auf den Comer See, erreichbar \u00fcber einen sch\u00f6nen Weg im Gr\u00fcnen.\" \/>\n<meta name=\"robots\" content=\"index, follow, max-snippet:-1, max-image-preview:large, max-video-preview:-1\" \/>\n<link rel=\"canonical\" href=\"https:\/\/griante.visitlakecomo.info\/de\/region\/kirche-san-martino\" \/>\n<meta property=\"og:locale\" content=\"de_DE\" \/>\n<meta property=\"og:type\" content=\"article\" \/>\n<meta property=\"og:title\" content=\"Kirche San Martino in Griante: herrliche Aussicht auf den Comer See\" \/>\n<meta property=\"og:description\" content=\"Entdecke die Kirche San Martino in Griante: Heiligtum mit Panorama auf den Comer See, erreichbar \u00fcber einen sch\u00f6nen Weg im Gr\u00fcnen.\" \/>\n<meta property=\"og:url\" content=\"https:\/\/griante.visitlakecomo.info\/de\/region\/kirche-san-martino\" \/>\n<meta property=\"og:site_name\" content=\"Visit Griante\" \/>\n<meta property=\"article:modified_time\" content=\"2025-06-17T08:59:59+00:00\" \/>\n<meta name=\"twitter:card\" content=\"summary_large_image\" \/>\n<script type=\"application\/ld+json\" class=\"yoast-schema-graph\">{\"@context\":\"https:\/\/schema.org\",\"@graph\":[{\"@type\":\"WebPage\",\"@id\":\"https:\/\/griante.visitlakecomo.info\/de\/region\/kirche-san-martino\",\"url\":\"https:\/\/griante.visitlakecomo.info\/de\/region\/kirche-san-martino\",\"name\":\"Kirche San Martino in Griante: herrliche Aussicht auf den Comer See\",\"isPartOf\":{\"@id\":\"https:\/\/griante.visitlakecomo.info\/#website\"},\"datePublished\":\"2025-05-19T14:22:58+00:00\",\"dateModified\":\"2025-06-17T08:59:59+00:00\",\"description\":\"Entdecke die Kirche San Martino in Griante: Heiligtum mit Panorama auf den Comer See, erreichbar \u00fcber einen sch\u00f6nen Weg im Gr\u00fcnen.\",\"breadcrumb\":{\"@id\":\"https:\/\/griante.visitlakecomo.info\/de\/region\/kirche-san-martino#breadcrumb\"},\"inLanguage\":\"de\",\"potentialAction\":[{\"@type\":\"ReadAction\",\"target\":[\"https:\/\/griante.visitlakecomo.info\/de\/region\/kirche-san-martino\"]}]},{\"@type\":\"BreadcrumbList\",\"@id\":\"https:\/\/griante.visitlakecomo.info\/de\/region\/kirche-san-martino#breadcrumb\",\"itemListElement\":[{\"@type\":\"ListItem\",\"position\":1,\"name\":\"Home\",\"item\":\"https:\/\/griante.visitlakecomo.info\/de\"},{\"@type\":\"ListItem\",\"position\":2,\"name\":\"Region\",\"item\":\"https:\/\/griante.visitlakecomo.info\/de\/region\"},{\"@type\":\"ListItem\",\"position\":3,\"name\":\"Kirche San Martino\"}]},{\"@type\":\"WebSite\",\"@id\":\"https:\/\/griante.visitlakecomo.info\/#website\",\"url\":\"https:\/\/griante.visitlakecomo.info\/\",\"name\":\"Visit Griante\",\"description\":\"\",\"potentialAction\":[{\"@type\":\"SearchAction\",\"target\":{\"@type\":\"EntryPoint\",\"urlTemplate\":\"https:\/\/griante.visitlakecomo.info\/?s={search_term_string}\"},\"query-input\":{\"@type\":\"PropertyValueSpecification\",\"valueRequired\":true,\"valueName\":\"search_term_string\"}}],\"inLanguage\":\"de\"}]}<\/script>\n<!-- \/ Yoast SEO plugin. -->","yoast_head_json":{"title":"Kirche San Martino in Griante: herrliche Aussicht auf den Comer See","description":"Entdecke die Kirche San Martino in Griante: Heiligtum mit Panorama auf den Comer See, erreichbar \u00fcber einen sch\u00f6nen Weg im Gr\u00fcnen.","robots":{"index":"index","follow":"follow","max-snippet":"max-snippet:-1","max-image-preview":"max-image-preview:large","max-video-preview":"max-video-preview:-1"},"canonical":"https:\/\/griante.visitlakecomo.info\/de\/region\/kirche-san-martino","og_locale":"de_DE","og_type":"article","og_title":"Kirche San Martino in Griante: herrliche Aussicht auf den Comer See","og_description":"Entdecke die Kirche San Martino in Griante: Heiligtum mit Panorama auf den Comer See, erreichbar \u00fcber einen sch\u00f6nen Weg im Gr\u00fcnen.","og_url":"https:\/\/griante.visitlakecomo.info\/de\/region\/kirche-san-martino","og_site_name":"Visit Griante","article_modified_time":"2025-06-17T08:59:59+00:00","twitter_card":"summary_large_image","schema":{"@context":"https:\/\/schema.org","@graph":[{"@type":"WebPage","@id":"https:\/\/griante.visitlakecomo.info\/de\/region\/kirche-san-martino","url":"https:\/\/griante.visitlakecomo.info\/de\/region\/kirche-san-martino","name":"Kirche San Martino in Griante: herrliche Aussicht auf den Comer See","isPartOf":{"@id":"https:\/\/griante.visitlakecomo.info\/#website"},"datePublished":"2025-05-19T14:22:58+00:00","dateModified":"2025-06-17T08:59:59+00:00","description":"Entdecke die Kirche San Martino in Griante: Heiligtum mit Panorama auf den Comer See, erreichbar \u00fcber einen sch\u00f6nen Weg im Gr\u00fcnen.","breadcrumb":{"@id":"https:\/\/griante.visitlakecomo.info\/de\/region\/kirche-san-martino#breadcrumb"},"inLanguage":"de","potentialAction":[{"@type":"ReadAction","target":["https:\/\/griante.visitlakecomo.info\/de\/region\/kirche-san-martino"]}]},{"@type":"BreadcrumbList","@id":"https:\/\/griante.visitlakecomo.info\/de\/region\/kirche-san-martino#breadcrumb","itemListElement":[{"@type":"ListItem","position":1,"name":"Home","item":"https:\/\/griante.visitlakecomo.info\/de"},{"@type":"ListItem","position":2,"name":"Region","item":"https:\/\/griante.visitlakecomo.info\/de\/region"},{"@type":"ListItem","position":3,"name":"Kirche San Martino"}]},{"@type":"WebSite","@id":"https:\/\/griante.visitlakecomo.info\/#website","url":"https:\/\/griante.visitlakecomo.info\/","name":"Visit Griante","description":"","potentialAction":[{"@type":"SearchAction","target":{"@type":"EntryPoint","urlTemplate":"https:\/\/griante.visitlakecomo.info\/?s={search_term_string}"},"query-input":{"@type":"PropertyValueSpecification","valueRequired":true,"valueName":"search_term_string"}}],"inLanguage":"de"}]}},"_links":{"self":[{"href":"https:\/\/griante.visitlakecomo.info\/de\/wp-json\/wp\/v2\/pages\/1065","targetHints":{"allow":["GET"]}}],"collection":[{"href":"https:\/\/griante.visitlakecomo.info\/de\/wp-json\/wp\/v2\/pages"}],"about":[{"href":"https:\/\/griante.visitlakecomo.info\/de\/wp-json\/wp\/v2\/types\/page"}],"author":[{"embeddable":true,"href":"https:\/\/griante.visitlakecomo.info\/de\/wp-json\/wp\/v2\/users\/1"}],"replies":[{"embeddable":true,"href":"https:\/\/griante.visitlakecomo.info\/de\/wp-json\/wp\/v2\/comments?post=1065"}],"version-history":[{"count":1,"href":"https:\/\/griante.visitlakecomo.info\/de\/wp-json\/wp\/v2\/pages\/1065\/revisions"}],"predecessor-version":[{"id":1066,"href":"https:\/\/griante.visitlakecomo.info\/de\/wp-json\/wp\/v2\/pages\/1065\/revisions\/1066"}],"up":[{"embeddable":true,"href":"https:\/\/griante.visitlakecomo.info\/de\/wp-json\/wp\/v2\/pages\/1047"}],"wp:attachment":[{"href":"https:\/\/griante.visitlakecomo.info\/de\/wp-json\/wp\/v2\/media?parent=1065"}],"curies":[{"name":"wp","href":"https:\/\/api.w.org\/{rel}","templated":true}]}}