{"id":1095,"date":"2025-04-16T13:42:09","date_gmt":"2025-04-16T13:42:09","guid":{"rendered":"https:\/\/griante.visitlakecomo.info\/empresas\/perfumerias"},"modified":"2025-06-17T09:00:14","modified_gmt":"2025-06-17T09:00:14","slug":"perfumerias","status":"publish","type":"page","link":"https:\/\/griante.visitlakecomo.info\/es\/empresas\/perfumerias","title":{"rendered":"Perfumer\u00edas"},"content":{"rendered":"<p>Tiendas de <b>perfumer\u00eda<\/b> y cuidado personal en <b>Griante<\/b>, adem\u00e1s de objetos de regalo y ropa.<\/p>","protected":false},"excerpt":{"rendered":"<p>Tiendas de perfumer\u00eda y cuidado personal en Griante, adem\u00e1s de objetos de regalo y ropa.<\/p>\n","protected":false},"author":1,"featured_media":0,"parent":1089,"menu_order":0,"comment_status":"closed","ping_status":"closed","template":"page-templates\/categoria_imprese.php","meta":{"_acf_changed":false,"inline_featured_image":false,"footnotes":""},"class_list":["post-1095","page","type-page","status-publish","hentry"],"acf":[],"yoast_head":"<!-- This site is optimized with the Yoast SEO plugin v25.2 - https:\/\/yoast.com\/wordpress\/plugins\/seo\/ -->\n<title>Perfumer\u00edas en Griante - Visit Griante<\/title>\n<meta name=\"description\" content=\"Descubre las perfumer\u00edas de Griante: art\u00edculos de perfumer\u00eda y cuidado personal\" \/>\n<meta name=\"robots\" content=\"index, follow, max-snippet:-1, max-image-preview:large, max-video-preview:-1\" \/>\n<link rel=\"canonical\" href=\"https:\/\/griante.visitlakecomo.info\/es\/empresas\/perfumerias\" \/>\n<meta property=\"og:locale\" content=\"es_ES\" \/>\n<meta property=\"og:type\" content=\"article\" \/>\n<meta property=\"og:title\" content=\"Perfumer\u00edas en Griante - Visit Griante\" \/>\n<meta property=\"og:description\" content=\"Descubre las perfumer\u00edas de Griante: art\u00edculos de perfumer\u00eda y cuidado personal\" \/>\n<meta property=\"og:url\" content=\"https:\/\/griante.visitlakecomo.info\/es\/empresas\/perfumerias\" \/>\n<meta property=\"og:site_name\" content=\"Visit Griante\" \/>\n<meta property=\"article:modified_time\" content=\"2025-06-17T09:00:14+00:00\" \/>\n<meta name=\"twitter:card\" content=\"summary_large_image\" \/>\n<script type=\"application\/ld+json\" class=\"yoast-schema-graph\">{\"@context\":\"https:\/\/schema.org\",\"@graph\":[{\"@type\":\"WebPage\",\"@id\":\"https:\/\/griante.visitlakecomo.info\/es\/empresas\/perfumerias\",\"url\":\"https:\/\/griante.visitlakecomo.info\/es\/empresas\/perfumerias\",\"name\":\"Perfumer\u00edas en Griante - Visit Griante\",\"isPartOf\":{\"@id\":\"https:\/\/griante.visitlakecomo.info\/#website\"},\"datePublished\":\"2025-04-16T13:42:09+00:00\",\"dateModified\":\"2025-06-17T09:00:14+00:00\",\"description\":\"Descubre las perfumer\u00edas de Griante: art\u00edculos de perfumer\u00eda y cuidado personal\",\"breadcrumb\":{\"@id\":\"https:\/\/griante.visitlakecomo.info\/es\/empresas\/perfumerias#breadcrumb\"},\"inLanguage\":\"es\",\"potentialAction\":[{\"@type\":\"ReadAction\",\"target\":[\"https:\/\/griante.visitlakecomo.info\/es\/empresas\/perfumerias\"]}]},{\"@type\":\"BreadcrumbList\",\"@id\":\"https:\/\/griante.visitlakecomo.info\/es\/empresas\/perfumerias#breadcrumb\",\"itemListElement\":[{\"@type\":\"ListItem\",\"position\":1,\"name\":\"Home\",\"item\":\"https:\/\/griante.visitlakecomo.info\/es\"},{\"@type\":\"ListItem\",\"position\":2,\"name\":\"Empresas\",\"item\":\"https:\/\/griante.visitlakecomo.info\/es\/empresas\"},{\"@type\":\"ListItem\",\"position\":3,\"name\":\"Perfumer\u00edas\"}]},{\"@type\":\"WebSite\",\"@id\":\"https:\/\/griante.visitlakecomo.info\/#website\",\"url\":\"https:\/\/griante.visitlakecomo.info\/\",\"name\":\"Visit Griante\",\"description\":\"\",\"potentialAction\":[{\"@type\":\"SearchAction\",\"target\":{\"@type\":\"EntryPoint\",\"urlTemplate\":\"https:\/\/griante.visitlakecomo.info\/?s={search_term_string}\"},\"query-input\":{\"@type\":\"PropertyValueSpecification\",\"valueRequired\":true,\"valueName\":\"search_term_string\"}}],\"inLanguage\":\"es\"}]}<\/script>\n<!-- \/ Yoast SEO plugin. -->","yoast_head_json":{"title":"Perfumer\u00edas en Griante - Visit Griante","description":"Descubre las perfumer\u00edas de Griante: art\u00edculos de perfumer\u00eda y cuidado personal","robots":{"index":"index","follow":"follow","max-snippet":"max-snippet:-1","max-image-preview":"max-image-preview:large","max-video-preview":"max-video-preview:-1"},"canonical":"https:\/\/griante.visitlakecomo.info\/es\/empresas\/perfumerias","og_locale":"es_ES","og_type":"article","og_title":"Perfumer\u00edas en Griante - Visit Griante","og_description":"Descubre las perfumer\u00edas de Griante: art\u00edculos de perfumer\u00eda y cuidado personal","og_url":"https:\/\/griante.visitlakecomo.info\/es\/empresas\/perfumerias","og_site_name":"Visit Griante","article_modified_time":"2025-06-17T09:00:14+00:00","twitter_card":"summary_large_image","schema":{"@context":"https:\/\/schema.org","@graph":[{"@type":"WebPage","@id":"https:\/\/griante.visitlakecomo.info\/es\/empresas\/perfumerias","url":"https:\/\/griante.visitlakecomo.info\/es\/empresas\/perfumerias","name":"Perfumer\u00edas en Griante - Visit Griante","isPartOf":{"@id":"https:\/\/griante.visitlakecomo.info\/#website"},"datePublished":"2025-04-16T13:42:09+00:00","dateModified":"2025-06-17T09:00:14+00:00","description":"Descubre las perfumer\u00edas de Griante: art\u00edculos de perfumer\u00eda y cuidado personal","breadcrumb":{"@id":"https:\/\/griante.visitlakecomo.info\/es\/empresas\/perfumerias#breadcrumb"},"inLanguage":"es","potentialAction":[{"@type":"ReadAction","target":["https:\/\/griante.visitlakecomo.info\/es\/empresas\/perfumerias"]}]},{"@type":"BreadcrumbList","@id":"https:\/\/griante.visitlakecomo.info\/es\/empresas\/perfumerias#breadcrumb","itemListElement":[{"@type":"ListItem","position":1,"name":"Home","item":"https:\/\/griante.visitlakecomo.info\/es"},{"@type":"ListItem","position":2,"name":"Empresas","item":"https:\/\/griante.visitlakecomo.info\/es\/empresas"},{"@type":"ListItem","position":3,"name":"Perfumer\u00edas"}]},{"@type":"WebSite","@id":"https:\/\/griante.visitlakecomo.info\/#website","url":"https:\/\/griante.visitlakecomo.info\/","name":"Visit Griante","description":"","potentialAction":[{"@type":"SearchAction","target":{"@type":"EntryPoint","urlTemplate":"https:\/\/griante.visitlakecomo.info\/?s={search_term_string}"},"query-input":{"@type":"PropertyValueSpecification","valueRequired":true,"valueName":"search_term_string"}}],"inLanguage":"es"}]}},"_links":{"self":[{"href":"https:\/\/griante.visitlakecomo.info\/es\/wp-json\/wp\/v2\/pages\/1095","targetHints":{"allow":["GET"]}}],"collection":[{"href":"https:\/\/griante.visitlakecomo.info\/es\/wp-json\/wp\/v2\/pages"}],"about":[{"href":"https:\/\/griante.visitlakecomo.info\/es\/wp-json\/wp\/v2\/types\/page"}],"author":[{"embeddable":true,"href":"https:\/\/griante.visitlakecomo.info\/es\/wp-json\/wp\/v2\/users\/1"}],"replies":[{"embeddable":true,"href":"https:\/\/griante.visitlakecomo.info\/es\/wp-json\/wp\/v2\/comments?post=1095"}],"version-history":[{"count":1,"href":"https:\/\/griante.visitlakecomo.info\/es\/wp-json\/wp\/v2\/pages\/1095\/revisions"}],"predecessor-version":[{"id":1096,"href":"https:\/\/griante.visitlakecomo.info\/es\/wp-json\/wp\/v2\/pages\/1095\/revisions\/1096"}],"up":[{"embeddable":true,"href":"https:\/\/griante.visitlakecomo.info\/es\/wp-json\/wp\/v2\/pages\/1089"}],"wp:attachment":[{"href":"https:\/\/griante.visitlakecomo.info\/es\/wp-json\/wp\/v2\/media?parent=1095"}],"curies":[{"name":"wp","href":"https:\/\/api.w.org\/{rel}","templated":true}]}}