{"id":1270,"date":"2025-04-15T13:51:18","date_gmt":"2025-04-15T13:51:18","guid":{"rendered":"https:\/\/griante.visitlakecomo.info\/territoire"},"modified":"2025-06-23T14:47:02","modified_gmt":"2025-06-23T14:47:02","slug":"territoire","status":"publish","type":"page","link":"https:\/\/griante.visitlakecomo.info\/fr\/territoire","title":{"rendered":"Territoire"},"content":{"rendered":"<p>Blottie entre les eaux paisibles du <b>lac de C\u00f4me<\/b> et le massif des Grigne, Griante offre des paysages spectaculaires. Voici <b>ce qu\u2019il faut voir \u00e0 Griante<\/b> pour d\u00e9couvrir un territoire entre art, spiritualit\u00e9 et panoramas de carte postale.<\/p>","protected":false},"excerpt":{"rendered":"<p>Blottie entre les eaux paisibles du lac de C\u00f4me et le massif des Grigne, Griante offre des paysages spectaculaires. Voici ce qu\u2019il faut voir \u00e0 Griante pour d\u00e9couvrir un territoire entre art, spiritualit\u00e9 et panoramas de carte postale.<\/p>\n","protected":false},"author":1,"featured_media":0,"parent":0,"menu_order":0,"comment_status":"closed","ping_status":"closed","template":"page-templates\/pagina_box.php","meta":{"_acf_changed":false,"inline_featured_image":false,"footnotes":""},"class_list":["post-1270","page","type-page","status-publish","hentry"],"acf":[],"yoast_head":"<!-- This site is optimized with the Yoast SEO plugin v25.2 - https:\/\/yoast.com\/wordpress\/plugins\/seo\/ -->\n<title>Griante : territoire, panoramas et \u00e9glises historiques - Visit Griante<\/title>\n<meta name=\"description\" content=\"Explorez Griante entre le lac de C\u00f4me et le massif des Grigne : vues spectaculaires, villas et \u00e9glises fascinantes.\" \/>\n<meta name=\"robots\" content=\"index, follow, max-snippet:-1, max-image-preview:large, max-video-preview:-1\" \/>\n<link rel=\"canonical\" href=\"https:\/\/griante.visitlakecomo.info\/fr\/territoire\" \/>\n<meta property=\"og:locale\" content=\"fr_FR\" \/>\n<meta property=\"og:type\" content=\"article\" \/>\n<meta property=\"og:title\" content=\"Griante : territoire, panoramas et \u00e9glises historiques - Visit Griante\" \/>\n<meta property=\"og:description\" content=\"Explorez Griante entre le lac de C\u00f4me et le massif des Grigne : vues spectaculaires, villas et \u00e9glises fascinantes.\" \/>\n<meta property=\"og:url\" content=\"https:\/\/griante.visitlakecomo.info\/fr\/territoire\" \/>\n<meta property=\"og:site_name\" content=\"Visit Griante\" \/>\n<meta property=\"article:modified_time\" content=\"2025-06-23T14:47:02+00:00\" \/>\n<meta name=\"twitter:card\" content=\"summary_large_image\" \/>\n<script type=\"application\/ld+json\" class=\"yoast-schema-graph\">{\"@context\":\"https:\/\/schema.org\",\"@graph\":[{\"@type\":\"WebPage\",\"@id\":\"https:\/\/griante.visitlakecomo.info\/fr\/territoire\",\"url\":\"https:\/\/griante.visitlakecomo.info\/fr\/territoire\",\"name\":\"Griante : territoire, panoramas et \u00e9glises historiques - Visit Griante\",\"isPartOf\":{\"@id\":\"https:\/\/griante.visitlakecomo.info\/#website\"},\"datePublished\":\"2025-04-15T13:51:18+00:00\",\"dateModified\":\"2025-06-23T14:47:02+00:00\",\"description\":\"Explorez Griante entre le lac de C\u00f4me et le massif des Grigne : vues spectaculaires, villas et \u00e9glises fascinantes.\",\"breadcrumb\":{\"@id\":\"https:\/\/griante.visitlakecomo.info\/fr\/territoire#breadcrumb\"},\"inLanguage\":\"fr-FR\",\"potentialAction\":[{\"@type\":\"ReadAction\",\"target\":[\"https:\/\/griante.visitlakecomo.info\/fr\/territoire\"]}]},{\"@type\":\"BreadcrumbList\",\"@id\":\"https:\/\/griante.visitlakecomo.info\/fr\/territoire#breadcrumb\",\"itemListElement\":[{\"@type\":\"ListItem\",\"position\":1,\"name\":\"Home\",\"item\":\"https:\/\/griante.visitlakecomo.info\/fr\"},{\"@type\":\"ListItem\",\"position\":2,\"name\":\"Territoire\"}]},{\"@type\":\"WebSite\",\"@id\":\"https:\/\/griante.visitlakecomo.info\/#website\",\"url\":\"https:\/\/griante.visitlakecomo.info\/\",\"name\":\"Visit Griante\",\"description\":\"\",\"potentialAction\":[{\"@type\":\"SearchAction\",\"target\":{\"@type\":\"EntryPoint\",\"urlTemplate\":\"https:\/\/griante.visitlakecomo.info\/?s={search_term_string}\"},\"query-input\":{\"@type\":\"PropertyValueSpecification\",\"valueRequired\":true,\"valueName\":\"search_term_string\"}}],\"inLanguage\":\"fr-FR\"}]}<\/script>\n<!-- \/ Yoast SEO plugin. -->","yoast_head_json":{"title":"Griante : territoire, panoramas et \u00e9glises historiques - Visit Griante","description":"Explorez Griante entre le lac de C\u00f4me et le massif des Grigne : vues spectaculaires, villas et \u00e9glises fascinantes.","robots":{"index":"index","follow":"follow","max-snippet":"max-snippet:-1","max-image-preview":"max-image-preview:large","max-video-preview":"max-video-preview:-1"},"canonical":"https:\/\/griante.visitlakecomo.info\/fr\/territoire","og_locale":"fr_FR","og_type":"article","og_title":"Griante : territoire, panoramas et \u00e9glises historiques - Visit Griante","og_description":"Explorez Griante entre le lac de C\u00f4me et le massif des Grigne : vues spectaculaires, villas et \u00e9glises fascinantes.","og_url":"https:\/\/griante.visitlakecomo.info\/fr\/territoire","og_site_name":"Visit Griante","article_modified_time":"2025-06-23T14:47:02+00:00","twitter_card":"summary_large_image","schema":{"@context":"https:\/\/schema.org","@graph":[{"@type":"WebPage","@id":"https:\/\/griante.visitlakecomo.info\/fr\/territoire","url":"https:\/\/griante.visitlakecomo.info\/fr\/territoire","name":"Griante : territoire, panoramas et \u00e9glises historiques - Visit Griante","isPartOf":{"@id":"https:\/\/griante.visitlakecomo.info\/#website"},"datePublished":"2025-04-15T13:51:18+00:00","dateModified":"2025-06-23T14:47:02+00:00","description":"Explorez Griante entre le lac de C\u00f4me et le massif des Grigne : vues spectaculaires, villas et \u00e9glises fascinantes.","breadcrumb":{"@id":"https:\/\/griante.visitlakecomo.info\/fr\/territoire#breadcrumb"},"inLanguage":"fr-FR","potentialAction":[{"@type":"ReadAction","target":["https:\/\/griante.visitlakecomo.info\/fr\/territoire"]}]},{"@type":"BreadcrumbList","@id":"https:\/\/griante.visitlakecomo.info\/fr\/territoire#breadcrumb","itemListElement":[{"@type":"ListItem","position":1,"name":"Home","item":"https:\/\/griante.visitlakecomo.info\/fr"},{"@type":"ListItem","position":2,"name":"Territoire"}]},{"@type":"WebSite","@id":"https:\/\/griante.visitlakecomo.info\/#website","url":"https:\/\/griante.visitlakecomo.info\/","name":"Visit Griante","description":"","potentialAction":[{"@type":"SearchAction","target":{"@type":"EntryPoint","urlTemplate":"https:\/\/griante.visitlakecomo.info\/?s={search_term_string}"},"query-input":{"@type":"PropertyValueSpecification","valueRequired":true,"valueName":"search_term_string"}}],"inLanguage":"fr-FR"}]}},"_links":{"self":[{"href":"https:\/\/griante.visitlakecomo.info\/fr\/wp-json\/wp\/v2\/pages\/1270","targetHints":{"allow":["GET"]}}],"collection":[{"href":"https:\/\/griante.visitlakecomo.info\/fr\/wp-json\/wp\/v2\/pages"}],"about":[{"href":"https:\/\/griante.visitlakecomo.info\/fr\/wp-json\/wp\/v2\/types\/page"}],"author":[{"embeddable":true,"href":"https:\/\/griante.visitlakecomo.info\/fr\/wp-json\/wp\/v2\/users\/1"}],"replies":[{"embeddable":true,"href":"https:\/\/griante.visitlakecomo.info\/fr\/wp-json\/wp\/v2\/comments?post=1270"}],"version-history":[{"count":1,"href":"https:\/\/griante.visitlakecomo.info\/fr\/wp-json\/wp\/v2\/pages\/1270\/revisions"}],"predecessor-version":[{"id":1271,"href":"https:\/\/griante.visitlakecomo.info\/fr\/wp-json\/wp\/v2\/pages\/1270\/revisions\/1271"}],"wp:attachment":[{"href":"https:\/\/griante.visitlakecomo.info\/fr\/wp-json\/wp\/v2\/media?parent=1270"}],"curies":[{"name":"wp","href":"https:\/\/api.w.org\/{rel}","templated":true}]}}