{"id":1288,"date":"2025-05-19T14:22:58","date_gmt":"2025-05-19T14:22:58","guid":{"rendered":"https:\/\/griante.visitlakecomo.info\/territoire\/eglise-san-martino"},"modified":"2025-06-23T14:47:03","modified_gmt":"2025-06-23T14:47:03","slug":"eglise-san-martino","status":"publish","type":"page","link":"https:\/\/griante.visitlakecomo.info\/fr\/territoire\/eglise-san-martino","title":{"rendered":"\u00c9glise San Martino"},"content":{"rendered":"<p>\u00c0 475 m\u00e8tres d\u2019altitude, l\u2019\u00e9glise San Martino se dresse dans un <b>cadre enchanteur sur une terrasse panoramique <\/b>offrant une vue \u00e0 couper le souffle sur le lac de C\u00f4me. Accessible par une agr\u00e9able <b>randonn\u00e9e \u00e0 travers bois et prairies<\/b>, cette petite chapelle votive est d\u00e9di\u00e9e au saint c\u00e9l\u00e8bre pour avoir partag\u00e9 son manteau avec un pauvre. \u00c9galement connue sous le nom de sanctuaire de Notre-Dame des Gr\u00e2ces, <b>elle est ouverte sur demande les week-ends de mai \u00e0 octobre, ainsi que le 1\u1d49\u02b3 mai et le 11 novembre<\/b> (jour de la f\u00eate de San Martino) pour la messe.<\/p>","protected":false},"excerpt":{"rendered":"<p>\u00c0 475 m\u00e8tres d\u2019altitude, l\u2019\u00e9glise San Martino se dresse dans un cadre enchanteur sur une terrasse panoramique offrant une vue \u00e0 couper le souffle sur le lac de C\u00f4me. Accessible par une agr\u00e9able randonn\u00e9e \u00e0 travers bois et prairies, cette petite chapelle votive est d\u00e9di\u00e9e au saint c\u00e9l\u00e8bre pour avoir partag\u00e9 son manteau avec un &hellip;<\/p>\n","protected":false},"author":1,"featured_media":0,"parent":1270,"menu_order":0,"comment_status":"closed","ping_status":"closed","template":"page-templates\/pagina_box.php","meta":{"_acf_changed":false,"inline_featured_image":false,"footnotes":""},"class_list":["post-1288","page","type-page","status-publish","hentry"],"acf":[],"yoast_head":"<!-- This site is optimized with the Yoast SEO plugin v25.2 - https:\/\/yoast.com\/wordpress\/plugins\/seo\/ -->\n<title>\u00c9glise San Martino \u00e0 Griante : vue spectaculaire sur le lac de C\u00f4me<\/title>\n<meta name=\"description\" content=\"D\u00e9couvrez l\u2019\u00e9glise San Martino \u00e0 Griante : sanctuaire avec vue panoramique sur le lac de C\u00f4me, accessible par un charmant sentier.\" \/>\n<meta name=\"robots\" content=\"index, follow, max-snippet:-1, max-image-preview:large, max-video-preview:-1\" \/>\n<link rel=\"canonical\" href=\"https:\/\/griante.visitlakecomo.info\/fr\/territoire\/eglise-san-martino\" \/>\n<meta property=\"og:locale\" content=\"fr_FR\" \/>\n<meta property=\"og:type\" content=\"article\" \/>\n<meta property=\"og:title\" content=\"\u00c9glise San Martino \u00e0 Griante : vue spectaculaire sur le lac de C\u00f4me\" \/>\n<meta property=\"og:description\" content=\"D\u00e9couvrez l\u2019\u00e9glise San Martino \u00e0 Griante : sanctuaire avec vue panoramique sur le lac de C\u00f4me, accessible par un charmant sentier.\" \/>\n<meta property=\"og:url\" content=\"https:\/\/griante.visitlakecomo.info\/fr\/territoire\/eglise-san-martino\" \/>\n<meta property=\"og:site_name\" content=\"Visit Griante\" \/>\n<meta property=\"article:modified_time\" content=\"2025-06-23T14:47:03+00:00\" \/>\n<meta name=\"twitter:card\" content=\"summary_large_image\" \/>\n<meta name=\"twitter:label1\" content=\"Dur\u00e9e de lecture estim\u00e9e\" \/>\n\t<meta name=\"twitter:data1\" content=\"1 minute\" \/>\n<script type=\"application\/ld+json\" class=\"yoast-schema-graph\">{\"@context\":\"https:\/\/schema.org\",\"@graph\":[{\"@type\":\"WebPage\",\"@id\":\"https:\/\/griante.visitlakecomo.info\/fr\/territoire\/eglise-san-martino\",\"url\":\"https:\/\/griante.visitlakecomo.info\/fr\/territoire\/eglise-san-martino\",\"name\":\"\u00c9glise San Martino \u00e0 Griante : vue spectaculaire sur le lac de C\u00f4me\",\"isPartOf\":{\"@id\":\"https:\/\/griante.visitlakecomo.info\/#website\"},\"datePublished\":\"2025-05-19T14:22:58+00:00\",\"dateModified\":\"2025-06-23T14:47:03+00:00\",\"description\":\"D\u00e9couvrez l\u2019\u00e9glise San Martino \u00e0 Griante : sanctuaire avec vue panoramique sur le lac de C\u00f4me, accessible par un charmant sentier.\",\"breadcrumb\":{\"@id\":\"https:\/\/griante.visitlakecomo.info\/fr\/territoire\/eglise-san-martino#breadcrumb\"},\"inLanguage\":\"fr-FR\",\"potentialAction\":[{\"@type\":\"ReadAction\",\"target\":[\"https:\/\/griante.visitlakecomo.info\/fr\/territoire\/eglise-san-martino\"]}]},{\"@type\":\"BreadcrumbList\",\"@id\":\"https:\/\/griante.visitlakecomo.info\/fr\/territoire\/eglise-san-martino#breadcrumb\",\"itemListElement\":[{\"@type\":\"ListItem\",\"position\":1,\"name\":\"Home\",\"item\":\"https:\/\/griante.visitlakecomo.info\/fr\"},{\"@type\":\"ListItem\",\"position\":2,\"name\":\"Territoire\",\"item\":\"https:\/\/griante.visitlakecomo.info\/fr\/territoire\"},{\"@type\":\"ListItem\",\"position\":3,\"name\":\"\u00c9glise San Martino\"}]},{\"@type\":\"WebSite\",\"@id\":\"https:\/\/griante.visitlakecomo.info\/#website\",\"url\":\"https:\/\/griante.visitlakecomo.info\/\",\"name\":\"Visit Griante\",\"description\":\"\",\"potentialAction\":[{\"@type\":\"SearchAction\",\"target\":{\"@type\":\"EntryPoint\",\"urlTemplate\":\"https:\/\/griante.visitlakecomo.info\/?s={search_term_string}\"},\"query-input\":{\"@type\":\"PropertyValueSpecification\",\"valueRequired\":true,\"valueName\":\"search_term_string\"}}],\"inLanguage\":\"fr-FR\"}]}<\/script>\n<!-- \/ Yoast SEO plugin. -->","yoast_head_json":{"title":"\u00c9glise San Martino \u00e0 Griante : vue spectaculaire sur le lac de C\u00f4me","description":"D\u00e9couvrez l\u2019\u00e9glise San Martino \u00e0 Griante : sanctuaire avec vue panoramique sur le lac de C\u00f4me, accessible par un charmant sentier.","robots":{"index":"index","follow":"follow","max-snippet":"max-snippet:-1","max-image-preview":"max-image-preview:large","max-video-preview":"max-video-preview:-1"},"canonical":"https:\/\/griante.visitlakecomo.info\/fr\/territoire\/eglise-san-martino","og_locale":"fr_FR","og_type":"article","og_title":"\u00c9glise San Martino \u00e0 Griante : vue spectaculaire sur le lac de C\u00f4me","og_description":"D\u00e9couvrez l\u2019\u00e9glise San Martino \u00e0 Griante : sanctuaire avec vue panoramique sur le lac de C\u00f4me, accessible par un charmant sentier.","og_url":"https:\/\/griante.visitlakecomo.info\/fr\/territoire\/eglise-san-martino","og_site_name":"Visit Griante","article_modified_time":"2025-06-23T14:47:03+00:00","twitter_card":"summary_large_image","twitter_misc":{"Dur\u00e9e de lecture estim\u00e9e":"1 minute"},"schema":{"@context":"https:\/\/schema.org","@graph":[{"@type":"WebPage","@id":"https:\/\/griante.visitlakecomo.info\/fr\/territoire\/eglise-san-martino","url":"https:\/\/griante.visitlakecomo.info\/fr\/territoire\/eglise-san-martino","name":"\u00c9glise San Martino \u00e0 Griante : vue spectaculaire sur le lac de C\u00f4me","isPartOf":{"@id":"https:\/\/griante.visitlakecomo.info\/#website"},"datePublished":"2025-05-19T14:22:58+00:00","dateModified":"2025-06-23T14:47:03+00:00","description":"D\u00e9couvrez l\u2019\u00e9glise San Martino \u00e0 Griante : sanctuaire avec vue panoramique sur le lac de C\u00f4me, accessible par un charmant sentier.","breadcrumb":{"@id":"https:\/\/griante.visitlakecomo.info\/fr\/territoire\/eglise-san-martino#breadcrumb"},"inLanguage":"fr-FR","potentialAction":[{"@type":"ReadAction","target":["https:\/\/griante.visitlakecomo.info\/fr\/territoire\/eglise-san-martino"]}]},{"@type":"BreadcrumbList","@id":"https:\/\/griante.visitlakecomo.info\/fr\/territoire\/eglise-san-martino#breadcrumb","itemListElement":[{"@type":"ListItem","position":1,"name":"Home","item":"https:\/\/griante.visitlakecomo.info\/fr"},{"@type":"ListItem","position":2,"name":"Territoire","item":"https:\/\/griante.visitlakecomo.info\/fr\/territoire"},{"@type":"ListItem","position":3,"name":"\u00c9glise San Martino"}]},{"@type":"WebSite","@id":"https:\/\/griante.visitlakecomo.info\/#website","url":"https:\/\/griante.visitlakecomo.info\/","name":"Visit Griante","description":"","potentialAction":[{"@type":"SearchAction","target":{"@type":"EntryPoint","urlTemplate":"https:\/\/griante.visitlakecomo.info\/?s={search_term_string}"},"query-input":{"@type":"PropertyValueSpecification","valueRequired":true,"valueName":"search_term_string"}}],"inLanguage":"fr-FR"}]}},"_links":{"self":[{"href":"https:\/\/griante.visitlakecomo.info\/fr\/wp-json\/wp\/v2\/pages\/1288","targetHints":{"allow":["GET"]}}],"collection":[{"href":"https:\/\/griante.visitlakecomo.info\/fr\/wp-json\/wp\/v2\/pages"}],"about":[{"href":"https:\/\/griante.visitlakecomo.info\/fr\/wp-json\/wp\/v2\/types\/page"}],"author":[{"embeddable":true,"href":"https:\/\/griante.visitlakecomo.info\/fr\/wp-json\/wp\/v2\/users\/1"}],"replies":[{"embeddable":true,"href":"https:\/\/griante.visitlakecomo.info\/fr\/wp-json\/wp\/v2\/comments?post=1288"}],"version-history":[{"count":1,"href":"https:\/\/griante.visitlakecomo.info\/fr\/wp-json\/wp\/v2\/pages\/1288\/revisions"}],"predecessor-version":[{"id":1289,"href":"https:\/\/griante.visitlakecomo.info\/fr\/wp-json\/wp\/v2\/pages\/1288\/revisions\/1289"}],"up":[{"embeddable":true,"href":"https:\/\/griante.visitlakecomo.info\/fr\/wp-json\/wp\/v2\/pages\/1270"}],"wp:attachment":[{"href":"https:\/\/griante.visitlakecomo.info\/fr\/wp-json\/wp\/v2\/media?parent=1288"}],"curies":[{"name":"wp","href":"https:\/\/api.w.org\/{rel}","templated":true}]}}